{"id":17,"date":"2016-02-12T08:09:36","date_gmt":"2016-02-12T07:09:36","guid":{"rendered":"http:\/\/demos.famethemes.com\/onepress\/?page_id=17"},"modified":"2020-03-19T13:48:51","modified_gmt":"2020-03-19T12:48:51","slug":"unternehmen","status":"publish","type":"page","link":"http:\/\/www.joebstl.net\/kn\/unternehmen\/","title":{"rendered":"Unser Unternehmen"},"content":{"rendered":"\n<figure class=\"wp-block-image size-large\"><img loading=\"lazy\" decoding=\"async\" width=\"1024\" height=\"683\" src=\"http:\/\/www.joebstl.net\/kn\/wp-content\/uploads\/2020\/03\/Lager_2-1024x683.jpg\" alt=\"\" class=\"wp-image-1637\" srcset=\"http:\/\/www.joebstl.net\/kn\/wp-content\/uploads\/2020\/03\/Lager_2-1024x683.jpg 1024w, http:\/\/www.joebstl.net\/kn\/wp-content\/uploads\/2020\/03\/Lager_2-300x200.jpg 300w, http:\/\/www.joebstl.net\/kn\/wp-content\/uploads\/2020\/03\/Lager_2-768x512.jpg 768w, http:\/\/www.joebstl.net\/kn\/wp-content\/uploads\/2020\/03\/Lager_2-1536x1024.jpg 1536w, http:\/\/www.joebstl.net\/kn\/wp-content\/uploads\/2020\/03\/Lager_2-2048x1365.jpg 2048w\" sizes=\"(max-width: 1024px) 100vw, 1024px\" \/><\/figure>\n\n\n\n<h3 class=\"wp-block-heading\">\u00dcber J\u00f6bstl<\/h3>\n\n\n\n<p>Die J\u00d6BSTL-Gruppe geht auf ein Familienunternehmen mit einer 95-j\u00e4hrigen Firmengeschichte zur\u00fcck. Die Unternehmensgruppe wickelt im Jahr mit internationalen Groupage, FTL- und LTL-Transporten ca. 550.000 Sendungen ab und unterh\u00e4lt knapp 20.000 m\u00b2 Umschlagsfl\u00e4che mit rund 180 Mitarbeitern an Standorten in \u00d6sterreich (Wundschuh, Wallern, Wien, F\u00fcrnitz) und Slowenien (Ljubljana, Maribor).<\/p>\n\n\n\n<p>Schnelligkeit und Zuverl\u00e4ssigkeit setzen Pr\u00e4zision in der Logistik und Innovation in der Technik voraus. Dies und die Schonung der Umwelt sind unsere Kriterien, wenn wir auf Europas Routen unterwegs sind. Weiters sind Erfahrung und Know-how bereits in der vierten Generation sowie engagierte und bestens ausgebildete Mitarbeiter die Basis, um den W\u00fcnschen unserer Kunden gerecht zu werden.<\/p>\n\n\n\n<p><\/p>\n\n\n\n<h3 class=\"wp-block-heading\">\u00dcber K\u00fchne + Nagel<\/h3>\n\n\n<p>Mit \u00fcber 82.000 Mitarbeitern an mehr als 1.300 Standorten in \u00fcber 100 L\u00e4ndern z\u00e4hlt K\u00fchne + Nagel zu den global f\u00fchrenden Logistikdienstleistern. Schwerpunkte liegen in den Bereichen Seefracht, Luftfracht, Kontraktlogistik und Landverkehre mit klarer Ausrichtung auf wertsch\u00f6pfungsintensive Bereiche wie informatikgest\u00fctzte integrierte Logistik-Angebote.<\/p>\n<p><span style=\"margin: 0px; color: #777777; line-height: 107%; font-family: 'Open Sans',sans-serif; font-size: 10.5pt;\">K\u00fchne + Nagel \u00d6sterreich wurde 1970 gegr\u00fcndet und besch\u00e4ftigt rund 500 Mitarbeiter an 12 Standorten. Durch unsere hochqualifizierten Mitarbeiter k\u00f6nnen wir innovative und verl\u00e4ssliche Logistikl\u00f6sungen in den Bereichen Seefracht, Luftfracht, Landverkehr und Kontraktlogistik anbieten.<\/span><\/p>","protected":false},"excerpt":{"rendered":"<p>Die J\u00d6BSTL-Gruppe geht auf ein Familienunternehmen mit einer 95-j\u00e4hrigen Firmengeschichte zur\u00fcck. Die Unternehmensgruppe wickelt im Jahr mit internationalen Groupage, FTL- und LTL-Transporten ca. 550.000 Sendungen ab und unterh\u00e4lt knapp 20.000 m\u00b2 Umschlagsfl\u00e4che mit rund 180 Mitarbeitern an Standorten in \u00d6sterreich (Wundschuh, Wallern, Wien, F\u00fcrnitz) und Slowenien (Ljubljana, Maribor).<\/p>\n","protected":false},"author":1,"featured_media":1623,"parent":0,"menu_order":0,"comment_status":"closed","ping_status":"closed","template":"","meta":{"footnotes":""},"_links":{"self":[{"href":"http:\/\/www.joebstl.net\/kn\/wp-json\/wp\/v2\/pages\/17"}],"collection":[{"href":"http:\/\/www.joebstl.net\/kn\/wp-json\/wp\/v2\/pages"}],"about":[{"href":"http:\/\/www.joebstl.net\/kn\/wp-json\/wp\/v2\/types\/page"}],"author":[{"embeddable":true,"href":"http:\/\/www.joebstl.net\/kn\/wp-json\/wp\/v2\/users\/1"}],"replies":[{"embeddable":true,"href":"http:\/\/www.joebstl.net\/kn\/wp-json\/wp\/v2\/comments?post=17"}],"version-history":[{"count":11,"href":"http:\/\/www.joebstl.net\/kn\/wp-json\/wp\/v2\/pages\/17\/revisions"}],"predecessor-version":[{"id":1741,"href":"http:\/\/www.joebstl.net\/kn\/wp-json\/wp\/v2\/pages\/17\/revisions\/1741"}],"wp:featuredmedia":[{"embeddable":true,"href":"http:\/\/www.joebstl.net\/kn\/wp-json\/wp\/v2\/media\/1623"}],"wp:attachment":[{"href":"http:\/\/www.joebstl.net\/kn\/wp-json\/wp\/v2\/media?parent=17"}],"curies":[{"name":"wp","href":"https:\/\/api.w.org\/{rel}","templated":true}]}}